{"id":60,"date":"2016-05-02T14:53:55","date_gmt":"2016-05-02T12:53:55","guid":{"rendered":"http:\/\/c-entrale.de\/hotel\/?page_id=60"},"modified":"2016-10-07T10:03:52","modified_gmt":"2016-10-07T08:03:52","slug":"impressum","status":"publish","type":"page","link":"http:\/\/c-entrale.de\/hotel\/impressum\/","title":{"rendered":"Impressum\/Datenschutzrichtlinien"},"content":{"rendered":"<table>\n<tbody>\n<tr>\n<td>\n<h3><b>Hotel Centrale<br \/>\n<\/b><\/h3>\n<p><span style=\"font-weight: 400;\">Inhaber:\u00a0<\/span><span style=\"font-family: inherit; font-size: inherit; line-height: 1.5;\">Hasan Yazici<br \/>\n<\/span><span style=\"font-weight: 400;\">Finanzamt: M\u00fchldorf<br \/>\n<\/span><span style=\"font-weight: 400;\">USt.Nr. <\/span><span style=\"font-weight: 400;\">14129150026<\/span><span style=\"font-weight: 400;\"><br \/>\n<\/span><span style=\"font-weight: 400;\">Amtsgericht: M\u00fchldorf<\/span><\/p>\n<p><a href=\"http:\/\/c-entrale.de\/hotel\/wp-content\/uploads\/sites\/2\/2016\/09\/AGB\u00b4s-Zimmer.pdf\">AGB\u00b4s Zimmer<\/a><\/p>\n<p><strong>Anschrift:<\/strong><span style=\"font-weight: 400;\"><br \/>\n<\/span><span style=\"font-weight: 400;\">Centrale Hotel &amp; Restaurant<\/span><br \/>\n<span style=\"font-weight: 400;\">Stadtplatz <\/span><span style=\"font-weight: 400;\">24<\/span><span style=\"font-weight: 400;\"><br \/>\n<\/span><span style=\"font-weight: 400;\">84478<\/span><span style=\"font-weight: 400;\"> Waldkraiburg <\/span><span style=\"font-weight: 400;\"><br \/>\n<\/span><b>Telefon<\/b> <span style=\"font-weight: 400;\">+49 (0) 8638 &#8211; 1511<\/span><span style=\"font-weight: 400;\"><br \/>\n<\/span><b>E-Mail :\u00a0<\/b><a href=\"mailto:info@cafe-pizza-centrale.de\"><b>info@c-entrale.de<\/b><\/a> <span style=\"font-weight: 400;\">\u00a0<\/span><\/td>\n<\/tr>\n<tr>\n<td><b>Alle Rechte vorbehalten. <\/b><b><br \/>\n<\/b><b>Texte Bilder, Grafiken, Sound, Animationen und Videos unterliegen dem Schutz des Urheberrechts und anderer Schutzgesetze. Der Inhalt dieser Website darf nicht zu kommerziellen Zwecke verbreitet oder Dritten zug\u00e4nglich gemacht werden. Irrt\u00fcrmer und \u00c4nderungen vorbehalten. Sollten wir auf diesen Seiten Verkn\u00fcpfungen zu anderen Seiten im Internet angelegt haben, so haben wir auf s\u00e4mtliche Links keinerlei Einfluss. Deshalb distanzieren wir uns hiermit ausdr\u00fccklich von allen Inhalten der verkn\u00fcpften Seiten. Diese Erkl\u00e4rung gilt f\u00fcr alle auf dieser Site ausgebrachten Links und f\u00fcr alle Inhalte der Seiten, zu denen ggf. Banner f\u00fchren.<\/b><span style=\"font-weight: 400;\">\u201eDiese Website benutzt Google Analytics, einen Webanalysedienst der Google Inc. (\u201eGoogle\u201c). Google Analytics verwendet sog. \u201eCookies\u201c, Textdateien, die auf Ihrem Computer gespeichert werden und die eine Analyse der Benutzung der Website durch Sie erm\u00f6glichen. Die durch den Cookie erzeugten Informationen \u00fcber Ihre Benutzung dieser Website werden in der Regel an einen Server von Google in den USA \u00fcbertragen und dort gespeichert. Im Falle der Aktivierung der IP-Anonymisierung auf dieser Webseite, wird Ihre IP-Adresse von Google jedoch innerhalb von Mitgliedstaaten der Europ\u00e4ischen Union oder in anderen Vertragsstaaten des Abkommens \u00fcber den Europ\u00e4ischen Wirtschaftsraum zuvor gek\u00fcrzt. Nur in Ausnahmef\u00e4llen wird die volle IP-Adresse an einen Server von Google in den USA \u00fcbertragen und dort gek\u00fcrzt. Im Auftrag des Betreibers dieser Website wird Google diese Informationen benutzen, um Ihre Nutzung der Website auszuwerten, um Reports \u00fcber die Websiteaktivit\u00e4ten zusammenzustellen und um weitere mit der Websitenutzung und der Internetnutzung verbundene Dienstleistungen gegen\u00fcber dem Websitebetreiber zu erbringen. Die im Rahmen von Google Analytics von Ihrem Browser \u00fcbermittelte IP-Adresse wird nicht mit anderen Daten von Google zusammengef\u00fchrt. Sie k\u00f6nnen die Speicherung der Cookies durch eine entsprechende Einstellung Ihrer Browser-Software verhindern; wir weisen Sie jedoch darauf hin, dass Sie in diesem Fall gegebenenfalls nicht s\u00e4mtliche Funktionen dieser Website vollumf\u00e4nglich werden nutzen k\u00f6nnen. Sie k\u00f6nnen dar\u00fcber hinaus die Erfassung der durch das Cookie erzeugten und auf Ihre Nutzung der Website bezogenen Daten (inkl. Ihrer IP-Adresse) an Google sowie die Verarbeitung dieser Daten durch Google verhindern, indem sie das unter dem folgenden Link (<\/span><a href=\"http:\/\/tools.google.com\/dlpage\/gaoptout?hl=de\" target=\"_blank\"><span style=\"font-weight: 400;\">http:\/\/tools.google.com\/dlpage\/gaoptout?hl=de<\/span><\/a><span style=\"font-weight: 400;\">) verf\u00fcgbare Browser-Plugin herunterladen und installieren.<\/span><span style=\"font-weight: 400;\">N\u00e4here Informationen hierzu finden Sie unter <\/span><a href=\"http:\/\/tools.google.com\/dlpage\/gaoptout?hl=de\" target=\"_blank\"><span style=\"font-weight: 400;\">http:\/\/tools.google.com\/dlpage\/gaoptout?hl=de<\/span><\/a><span style=\"font-weight: 400;\"> bzw. unter <\/span><a href=\"http:\/\/www.google.com\/intl\/de\/analytics\/privacyoverview.html\" target=\"_blank\"><span style=\"font-weight: 400;\">http:\/\/www.google.com\/intl\/de\/analytics\/privacyoverview.html<\/span><\/a><span style=\"font-weight: 400;\"> (allgemeine Informationen zu Google Analytics und Datenschutz). Wir weisen Sie darauf hin, dass auf dieser Webseite Google Analytics um den Code \u201egat._anonymizeIp();\u201c erweitert wurde, um eine anonymisierte Erfassung von IP-Adressen (sog. IP-Masking) zu gew\u00e4hrleisten.\u201c*<\/span><span style=\"font-weight: 400;\"><br \/>\n<\/span><span style=\"font-weight: 400;\"><br \/>\n<\/span><span style=\"font-weight: 400;\">(*Quelle: <\/span><a href=\"http:\/\/www.datenschutzbeauftragter-info.de\/\" target=\"_blank\"><b>www.datenschutzbeauftragter-info.de<\/b><\/a> <span style=\"font-weight: 400;\">)<\/span><\/td>\n<\/tr>\n<\/tbody>\n<\/table>\n<p>&nbsp;<\/p>\n","protected":false},"excerpt":{"rendered":"<p>Hotel Centrale Inhaber:\u00a0Hasan Yazici Finanzamt: M\u00fchldorf USt.Nr. 14129150026 Amtsgericht: M\u00fchldorf AGB\u00b4s Zimmer Anschrift: Centrale Hotel &amp; Restaurant Stadtplatz 24 84478 Waldkraiburg Telefon +49 (0) 8638 &#8211; 1511 E-Mail :\u00a0info@c-entrale.de \u00a0 Alle Rechte vorbehalten. Texte Bilder, Grafiken, Sound, Animationen und Videos unterliegen dem Schutz des Urheberrechts und anderer Schutzgesetze. Der Inhalt dieser Website darf nicht zu [&hellip;]<\/p>\n","protected":false},"author":1,"featured_media":0,"parent":0,"menu_order":0,"comment_status":"closed","ping_status":"closed","template":"","meta":{"ngg_post_thumbnail":0},"acf":[],"yoast_head":"<!-- This site is optimized with the Yoast SEO plugin v14.8.1 - https:\/\/yoast.com\/wordpress\/plugins\/seo\/ -->\n<title>Impressum\/Datenschutzrichtlinien - Hotel<\/title>\n<meta name=\"robots\" content=\"index, follow\" \/>\n<meta name=\"googlebot\" content=\"index, follow, max-snippet:-1, max-image-preview:large, max-video-preview:-1\" \/>\n<meta name=\"bingbot\" content=\"index, follow, max-snippet:-1, max-image-preview:large, max-video-preview:-1\" \/>\n<link rel=\"canonical\" href=\"http:\/\/c-entrale.de\/hotel\/impressum\/\" \/>\n<meta property=\"og:locale\" content=\"de_DE\" \/>\n<meta property=\"og:type\" content=\"article\" \/>\n<meta property=\"og:title\" content=\"Impressum\/Datenschutzrichtlinien - Hotel\" \/>\n<meta property=\"og:description\" content=\"Hotel Centrale Inhaber:\u00a0Hasan Yazici Finanzamt: M\u00fchldorf USt.Nr. 14129150026 Amtsgericht: M\u00fchldorf AGB\u00b4s Zimmer Anschrift: Centrale Hotel &amp; Restaurant Stadtplatz 24 84478 Waldkraiburg Telefon +49 (0) 8638 &#8211; 1511 E-Mail :\u00a0info@c-entrale.de \u00a0 Alle Rechte vorbehalten. Texte Bilder, Grafiken, Sound, Animationen und Videos unterliegen dem Schutz des Urheberrechts und anderer Schutzgesetze. Der Inhalt dieser Website darf nicht zu [&hellip;]\" \/>\n<meta property=\"og:url\" content=\"http:\/\/c-entrale.de\/hotel\/impressum\/\" \/>\n<meta property=\"og:site_name\" content=\"Hotel\" \/>\n<meta property=\"article:modified_time\" content=\"2016-10-07T08:03:52+00:00\" \/>\n<meta name=\"twitter:card\" content=\"summary\" \/>\n<script type=\"application\/ld+json\" class=\"yoast-schema-graph\">{\"@context\":\"https:\/\/schema.org\",\"@graph\":[{\"@type\":\"WebSite\",\"@id\":\"http:\/\/c-entrale.de\/hotel\/#website\",\"url\":\"http:\/\/c-entrale.de\/hotel\/\",\"name\":\"Hotel\",\"description\":\"Eine weitere Pizza Centrale Websites Website\",\"potentialAction\":[{\"@type\":\"SearchAction\",\"target\":\"http:\/\/c-entrale.de\/hotel\/?s={search_term_string}\",\"query-input\":\"required name=search_term_string\"}],\"inLanguage\":\"de\"},{\"@type\":\"WebPage\",\"@id\":\"http:\/\/c-entrale.de\/hotel\/impressum\/#webpage\",\"url\":\"http:\/\/c-entrale.de\/hotel\/impressum\/\",\"name\":\"Impressum\/Datenschutzrichtlinien - Hotel\",\"isPartOf\":{\"@id\":\"http:\/\/c-entrale.de\/hotel\/#website\"},\"datePublished\":\"2016-05-02T12:53:55+00:00\",\"dateModified\":\"2016-10-07T08:03:52+00:00\",\"inLanguage\":\"de\",\"potentialAction\":[{\"@type\":\"ReadAction\",\"target\":[\"http:\/\/c-entrale.de\/hotel\/impressum\/\"]}]}]}<\/script>\n<!-- \/ Yoast SEO plugin. -->","_links":{"self":[{"href":"http:\/\/c-entrale.de\/hotel\/wp-json\/wp\/v2\/pages\/60"}],"collection":[{"href":"http:\/\/c-entrale.de\/hotel\/wp-json\/wp\/v2\/pages"}],"about":[{"href":"http:\/\/c-entrale.de\/hotel\/wp-json\/wp\/v2\/types\/page"}],"author":[{"embeddable":true,"href":"http:\/\/c-entrale.de\/hotel\/wp-json\/wp\/v2\/users\/1"}],"replies":[{"embeddable":true,"href":"http:\/\/c-entrale.de\/hotel\/wp-json\/wp\/v2\/comments?post=60"}],"version-history":[{"count":18,"href":"http:\/\/c-entrale.de\/hotel\/wp-json\/wp\/v2\/pages\/60\/revisions"}],"predecessor-version":[{"id":185,"href":"http:\/\/c-entrale.de\/hotel\/wp-json\/wp\/v2\/pages\/60\/revisions\/185"}],"wp:attachment":[{"href":"http:\/\/c-entrale.de\/hotel\/wp-json\/wp\/v2\/media?parent=60"}],"curies":[{"name":"wp","href":"https:\/\/api.w.org\/{rel}","templated":true}]}}